{"id":208,"date":"2016-06-20T09:22:56","date_gmt":"2016-06-20T09:22:56","guid":{"rendered":"http:\/\/sw-themes.com\/porto_dummy\/cart\/"},"modified":"2022-12-30T19:41:05","modified_gmt":"2022-12-30T18:41:05","slug":"nakupni-kosik","status":"publish","type":"page","link":"https:\/\/eshop-rommuz.cz\/?page_id=208","title":{"rendered":"N\u00e1kupn\u00ed ko\u0161\u00edk"},"content":{"rendered":"<section class=\"wpb-content-wrapper\"><p>[vc_row][vc_column][vc_row_inner][vc_column_inner][vc_column_text el_class=&#8220;alert alert-default&#8220;]<strong style=\"color: #4c4c4c; font-size: 12px;\"> OBSAH KO\u0160\u00cdKU \u00a0\u00a0<\/strong> &#8211; V\u00e1\u0161 n\u00e1kupn\u00ed seznam. \u00a0<strong style=\"color: #4c4c4c; font-size: 12px;\"> DOPRAVA &amp; PLATBA \u00a0\u00a0<\/strong>\u00a0&#8211; Pro zad\u00e1n\u00ed \u00fadaj\u016f a mo\u017enosti dopravy p\u0159ejdete kliknut\u00edm na pokladnu <a class=\"alert-link\" style=\"color: #4c4c4c; font-size: 12px;\"> \u00a0\u00a0P\u0158EJ\u00cdT K PLATB\u011a <\/a>.[\/vc_column_text][\/vc_column_inner][\/vc_row_inner]<div class=\"woocommerce\">\t<div class=\"cart-empty-page text-center\">\r\n\t\t<div class=\"woocommerce-notices-wrapper\"><\/div>\t\t<i class=\"cart-empty porto-icon-bag-2\"><\/i>\r\n\t\t<p class=\"px-3 py-2 cart-empty\">No products added to the cart<\/p>\r\n\t\t<p class=\"return-to-shop\">\r\n\t\t\t<a class=\"button wc-backward btn-v-dark btn-go-shop\" href=\"https:\/\/eshop-rommuz.cz\/?page_id=207\">\r\n\t\t\t\tZp\u011bt do obchodu\t\t\t<\/a>\r\n\t\t<\/p>\r\n\t<\/div>\r\n<\/div>[\/vc_column][\/vc_row][vc_row][vc_column][vc_text_separator title=&#8220;TIP NA D\u00c1REK&#8220; i_type=&#8220;typicons&#8220; i_icon_typicons=&#8220;typcn typcn-gift&#8220; i_color=&#8220;custom&#8220; el_width=&#8220;90&#8243; add_icon=&#8220;true&#8220; i_custom_color=&#8220;#969191&#8243;]<div id=\"porto-products-9e0c4dee1f2f2fd12506a77038e0d92c\" class=\"porto-products wpb_content_element onimage wpb_custom_aeb2ba7df7a27d76048c02dc3283b7c5\"><div class=\"slider-wrapper\"><div class=\"woocommerce columns-6 \"><\/div><\/div><\/div>[\/vc_column][\/vc_row][vc_row][vc_column][vc_column_text][\/vc_column_text][\/vc_column][\/vc_row]<\/p>\n<\/section>","protected":false},"excerpt":{"rendered":"<p>[vc_row][vc_column][vc_row_inner][vc_column_inner][vc_column_text el_class=&#8220;alert alert-default&#8220;] OBSAH KO\u0160\u00cdKU \u00a0\u00a0 &#8211; V\u00e1\u0161 n\u00e1kupn\u00ed seznam. \u00a0 DOPRAVA &amp; PLATBA \u00a0\u00a0\u00a0&#8211; Pro zad\u00e1n\u00ed \u00fadaj\u016f a mo\u017enosti dopravy p\u0159ejdete kliknut\u00edm na pokladnu \u00a0\u00a0P\u0158EJ\u00cdT K PLATB\u011a .[\/vc_column_text][\/vc_column_inner][\/vc_row_inner][\/vc_column][\/vc_row][vc_row][vc_column][vc_text_separator title=&#8220;TIP NA D\u00c1REK&#8220; i_type=&#8220;typicons&#8220; i_icon_typicons=&#8220;typcn typcn-gift&#8220; i_color=&#8220;custom&#8220; el_width=&#8220;90&#8243; add_icon=&#8220;true&#8220; i_custom_color=&#8220;#969191&#8243;][\/vc_column][\/vc_row][vc_row][vc_column][vc_column_text][\/vc_column_text][\/vc_column][\/vc_row]<\/p>\n","protected":false},"author":1,"featured_media":0,"parent":0,"menu_order":0,"comment_status":"closed","ping_status":"closed","template":"","meta":{"footnotes":""},"yst_prominent_words":[],"class_list":["post-208","page","type-page","status-publish","hentry"],"_links":{"self":[{"href":"https:\/\/eshop-rommuz.cz\/index.php?rest_route=\/wp\/v2\/pages\/208","targetHints":{"allow":["GET"]}}],"collection":[{"href":"https:\/\/eshop-rommuz.cz\/index.php?rest_route=\/wp\/v2\/pages"}],"about":[{"href":"https:\/\/eshop-rommuz.cz\/index.php?rest_route=\/wp\/v2\/types\/page"}],"author":[{"embeddable":true,"href":"https:\/\/eshop-rommuz.cz\/index.php?rest_route=\/wp\/v2\/users\/1"}],"replies":[{"embeddable":true,"href":"https:\/\/eshop-rommuz.cz\/index.php?rest_route=%2Fwp%2Fv2%2Fcomments&post=208"}],"version-history":[{"count":8,"href":"https:\/\/eshop-rommuz.cz\/index.php?rest_route=\/wp\/v2\/pages\/208\/revisions"}],"predecessor-version":[{"id":3129,"href":"https:\/\/eshop-rommuz.cz\/index.php?rest_route=\/wp\/v2\/pages\/208\/revisions\/3129"}],"wp:attachment":[{"href":"https:\/\/eshop-rommuz.cz\/index.php?rest_route=%2Fwp%2Fv2%2Fmedia&parent=208"}],"wp:term":[{"taxonomy":"yst_prominent_words","embeddable":true,"href":"https:\/\/eshop-rommuz.cz\/index.php?rest_route=%2Fwp%2Fv2%2Fyst_prominent_words&post=208"}],"curies":[{"name":"wp","href":"https:\/\/api.w.org\/{rel}","templated":true}]}}