{"id":2526,"date":"2019-06-29T21:36:04","date_gmt":"2019-06-29T19:36:04","guid":{"rendered":"https:\/\/eshop-rommuz.cz\/?page_id=2526"},"modified":"2022-12-30T19:41:05","modified_gmt":"2022-12-30T18:41:05","slug":"o-nakupu","status":"publish","type":"page","link":"https:\/\/eshop-rommuz.cz\/?page_id=2526","title":{"rendered":"O n\u00e1kupu"},"content":{"rendered":"\n<p>O n\u00e1kupu &#8211; e-shop Muzea romsk\u00e9 kultury slou\u017e\u00ed k prodeji \u0161irok\u00e9 \u0161k\u00e1ly publikac\u00ed (odborn\u00e1 literatura, popul\u00e1rn\u011b nau\u010dn\u00e1 literatura, beletrie) s romskou t\u00e9matikou nebo od romsk\u00fdch autor\u016f. E-shop d\u00e1le nab\u00edz\u00ed propaga\u010dn\u00ed p\u0159edm\u011bty Muzea romsk\u00e9 kultury, v\u010detn\u011b v\u00fdrobk\u016f romsk\u00fdch um\u011blc\u016f, kter\u00e9 n\u00e1kupem podpo\u0159\u00edte. V\u0161echno zbo\u017e\u00ed, vystaven\u00e9 v eshopu, lze zakoupit tak\u00e9 na recepci <a href=\"https:\/\/www.rommuz.cz\/cs\/o-muzeu\/\">Muzea romsk\u00e9 kultury v Brn\u011b<\/a>, na adrese Bratislavsk\u00e1 67. <\/p>\n\n\n\n<p>Bli\u017e\u0161\u00ed informace o cen\u00e1ch a zp\u016fsoby dopravy naleznete <a href=\"https:\/\/eshop-rommuz.cz\/doprava\/\">zde<\/a>.<\/p>\n\n\n\n<p>Bli\u017e\u0161\u00ed informace o zp\u016fsobu \u00fahrady v\u00e1mi vybran\u00e9ho zbo\u017e\u00ed naleznete <a href=\"https:\/\/eshop-rommuz.cz\/zpusob-uhrady\/\">zde<\/a>. <\/p>\n\n\n\n<figure class=\"wp-block-image size-large\"><a href=\"https:\/\/eshop-rommuz.cz\/produkt\/bulletin-muzea-romske-kultury-29-2020\/\"><img fetchpriority=\"high\" decoding=\"async\" width=\"1024\" height=\"683\" src=\"https:\/\/eshop-rommuz.cz\/wp-content\/uploads\/2021\/11\/bulletin-4-1-1024x683.jpg\" alt=\"Bulletin Muzea romsk\u00e9 kultury\" class=\"wp-image-5831\" srcset=\"https:\/\/eshop-rommuz.cz\/wp-content\/uploads\/2021\/11\/bulletin-4-1-1024x683.jpg 1024w, https:\/\/eshop-rommuz.cz\/wp-content\/uploads\/2021\/11\/bulletin-4-1-768x512.jpg 768w, https:\/\/eshop-rommuz.cz\/wp-content\/uploads\/2021\/11\/bulletin-4-1-640x427.jpg 640w, https:\/\/eshop-rommuz.cz\/wp-content\/uploads\/2021\/11\/bulletin-4-1-400x267.jpg 400w, https:\/\/eshop-rommuz.cz\/wp-content\/uploads\/2021\/11\/bulletin-4-1-367x245.jpg 367w, https:\/\/eshop-rommuz.cz\/wp-content\/uploads\/2021\/11\/bulletin-4-1-600x400.jpg 600w\" sizes=\"(max-width: 1024px) 100vw, 1024px\" \/><\/a><figcaption>Nov\u00e9 \u010d\u00edslo Bulletinu Muzea romsk\u00e9 kultury<\/figcaption><\/figure>\n\n\n\n<figure class=\"wp-block-image size-large\"><a href=\"https:\/\/eshop-rommuz.cz\/produkt\/amendar-ii\/\"><img decoding=\"async\" width=\"1024\" height=\"683\" src=\"https:\/\/eshop-rommuz.cz\/wp-content\/uploads\/2021\/11\/Amendar-4-1024x683.jpg\" alt=\"Roz\u0161\u00ed\u0159en\u00e9 vyd\u00e1n\u00ed publikace Amendar\" class=\"wp-image-5811\" srcset=\"https:\/\/eshop-rommuz.cz\/wp-content\/uploads\/2021\/11\/Amendar-4-1024x683.jpg 1024w, https:\/\/eshop-rommuz.cz\/wp-content\/uploads\/2021\/11\/Amendar-4-768x512.jpg 768w, https:\/\/eshop-rommuz.cz\/wp-content\/uploads\/2021\/11\/Amendar-4-640x427.jpg 640w, https:\/\/eshop-rommuz.cz\/wp-content\/uploads\/2021\/11\/Amendar-4-400x267.jpg 400w, https:\/\/eshop-rommuz.cz\/wp-content\/uploads\/2021\/11\/Amendar-4-367x245.jpg 367w, https:\/\/eshop-rommuz.cz\/wp-content\/uploads\/2021\/11\/Amendar-4-600x400.jpg 600w\" sizes=\"(max-width: 1024px) 100vw, 1024px\" \/><\/a><figcaption>Amendar II. pohled do sv\u011bta romsk\u00fdch osobnost\u00ed<\/figcaption><\/figure>\n","protected":false},"excerpt":{"rendered":"<p>O n\u00e1kupu &#8211; e-shop Muzea romsk\u00e9 kultury slou\u017e\u00ed k prodeji \u0161irok\u00e9 \u0161k\u00e1ly publikac\u00ed (odborn\u00e1 literatura, popul\u00e1rn\u011b nau\u010dn\u00e1 literatura, beletrie) s romskou t\u00e9matikou nebo od romsk\u00fdch autor\u016f. E-shop d\u00e1le nab\u00edz\u00ed propaga\u010dn\u00ed p\u0159edm\u011bty Muzea romsk\u00e9 kultury, v\u010detn\u011b v\u00fdrobk\u016f romsk\u00fdch um\u011blc\u016f, kter\u00e9 n\u00e1kupem podpo\u0159\u00edte. V\u0161echno zbo\u017e\u00ed, vystaven\u00e9 v eshopu, lze zakoupit tak\u00e9 na recepci Muzea romsk\u00e9 kultury v [&hellip;]<\/p>\n","protected":false},"author":1,"featured_media":0,"parent":0,"menu_order":0,"comment_status":"closed","ping_status":"closed","template":"","meta":{"footnotes":""},"yst_prominent_words":[],"class_list":["post-2526","page","type-page","status-publish","hentry"],"_links":{"self":[{"href":"https:\/\/eshop-rommuz.cz\/index.php?rest_route=\/wp\/v2\/pages\/2526","targetHints":{"allow":["GET"]}}],"collection":[{"href":"https:\/\/eshop-rommuz.cz\/index.php?rest_route=\/wp\/v2\/pages"}],"about":[{"href":"https:\/\/eshop-rommuz.cz\/index.php?rest_route=\/wp\/v2\/types\/page"}],"author":[{"embeddable":true,"href":"https:\/\/eshop-rommuz.cz\/index.php?rest_route=\/wp\/v2\/users\/1"}],"replies":[{"embeddable":true,"href":"https:\/\/eshop-rommuz.cz\/index.php?rest_route=%2Fwp%2Fv2%2Fcomments&post=2526"}],"version-history":[{"count":2,"href":"https:\/\/eshop-rommuz.cz\/index.php?rest_route=\/wp\/v2\/pages\/2526\/revisions"}],"predecessor-version":[{"id":5851,"href":"https:\/\/eshop-rommuz.cz\/index.php?rest_route=\/wp\/v2\/pages\/2526\/revisions\/5851"}],"wp:attachment":[{"href":"https:\/\/eshop-rommuz.cz\/index.php?rest_route=%2Fwp%2Fv2%2Fmedia&parent=2526"}],"wp:term":[{"taxonomy":"yst_prominent_words","embeddable":true,"href":"https:\/\/eshop-rommuz.cz\/index.php?rest_route=%2Fwp%2Fv2%2Fyst_prominent_words&post=2526"}],"curies":[{"name":"wp","href":"https:\/\/api.w.org\/{rel}","templated":true}]}}