{"id":2531,"date":"2019-06-29T21:38:41","date_gmt":"2019-06-29T19:38:41","guid":{"rendered":"https:\/\/eshop-rommuz.cz\/?page_id=2531"},"modified":"2023-03-31T09:08:06","modified_gmt":"2023-03-31T07:08:06","slug":"doprava","status":"publish","type":"page","link":"https:\/\/eshop-rommuz.cz\/?page_id=2531","title":{"rendered":"Doprava"},"content":{"rendered":"<section class=\"wpb-content-wrapper\"><p>[vc_row][vc_column width=&#8220;2\/3&#8243;][vc_separator color=&#8220;custom&#8220; accent_color=&#8220;#d51820&#8243;][vc_custom_heading text=&#8220;ZP\u016eSOB DOPRAVY&#8220; font_container=&#8220;tag:h2|font_size:24px|text_align:left|line_height:28px&#8220; use_theme_fonts=&#8220;yes&#8220;]<div class=\"porto-sicon-box  wpb_custom_1efe903570d178ff0a9b7bfa5febd3a4 style_1 default-icon\"><div class=\"porto-sicon-default\"><div class=\"porto-just-icon-wrapper porto-sicon-img  porto-icon-4982831566f157ed7d7eaad2ecc9d4ec porto-u-circle\" style=\"background:#f7f7f7;font-size: 48px;\"><img decoding=\"async\" class=\"img-icon\" alt=\"\" src=\"https:\/\/eshop-rommuz.cz\/wp-content\/uploads\/2019\/10\/icon_parcelshop.png\" width=\"53\" height=\"58\" \/><\/div><\/div><div class=\"porto-sicon-header\"><h4 class=\"porto-sicon-title\" style=\"\">DPD PICKUP<\/h4><\/div> <!-- header --><\/div><!-- porto-sicon-box -->[vc_column_text css=&#8220;.vc_custom_1680246354867{margin-bottom: 20px !important;}&#8220;]<\/p>\n<p style=\"text-align: justify;\">U\u017e p\u0159i objedn\u00e1n\u00ed zbo\u017e\u00ed si m\u016f\u017eete bal\u00ed\u010dek nechat poslat do v\u00fddejn\u00edho m\u00edsta Pickup. Pokud e-shop tuto mo\u017enost nenab\u00edz\u00ed, bal\u00ed\u010dek tam m\u016f\u017eete p\u0159esm\u011brovat z na\u0161\u00ed aplikace\u00a0<span style=\"color: #f1000a;\"><u><a style=\"color: #f1000a;\" href=\"http:\/\/dorucujemeradost.dpd.cz\/dpd-kuryr\" target=\"_blank\" rel=\"noopener noreferrer\">DPD Kur\u00fdr<\/a><\/u><\/span>.<br \/>\nV \u010cR tvo\u0159\u00ed\u00a0<span style=\"color: #f1000a;\"><u><a style=\"color: #f1000a;\" href=\"http:\/\/pickup.dpd.cz\/\" target=\"_blank\" rel=\"noopener noreferrer\">na\u0161i s\u00ed\u0165<\/a><\/u><\/span>\u00a0v\u00fddejn\u00edch m\u00edst u\u017e t\u00e9m\u011b\u0159 1 000 pobo\u010dek. V\u011bt\u0161ina z nich m\u00e1 otev\u0159eno i o v\u00edkendu a bal\u00ed\u010dek tam na v\u00e1s po\u010dk\u00e1 a\u017e 6 kalend\u00e1\u0159n\u00edch dn\u00ed.<br \/>\nO doru\u010den\u00ed v\u00e1s budeme pr\u016fb\u011b\u017en\u011b informovat SMSkou nebo e-mailem a jakmile bude bal\u00ed\u010dek p\u0159ipraven\u00fd k vyzvednut\u00ed, d\u00e1me v\u00e1m v\u011bd\u011bt.<\/p>\n<p>[\/vc_column_text]<div class=\"porto-sicon-box  wpb_custom_1efe903570d178ff0a9b7bfa5febd3a4 style_1 default-icon\"><div class=\"porto-sicon-default\"><div class=\"porto-just-icon-wrapper porto-sicon-img  porto-icon-4982831566f157ed7d7eaad2ecc9d4ec porto-u-circle\" style=\"background:#f7f7f7;font-size: 48px;\"><img decoding=\"async\" class=\"img-icon\" alt=\"\" src=\"https:\/\/eshop-rommuz.cz\/wp-content\/uploads\/2019\/10\/icon_dpd-kuryr.png\" width=\"53\" height=\"58\" \/><\/div><\/div><div class=\"porto-sicon-header\"><h4 class=\"porto-sicon-title\" style=\"\">DPD KUR\u00ddR<\/h4><\/div> <!-- header --><\/div><!-- porto-sicon-box -->[vc_column_text css=&#8220;.vc_custom_1680246446050{margin-bottom: 20px !important;}&#8220;]<\/p>\n<p style=\"text-align: justify;\">Dopravu na Va\u0161i adresu zaji\u0161\u0165uje spole\u010dnost DPD, kter\u00e1 V\u00e1m doru\u010d\u00ed bal\u00ed\u010dek do druh\u00e9ho dne. A kdy\u017e V\u00e1s nezastihne doma, m\u00e1te n\u00e1rok na 3 pokusy o doru\u010den\u00ed. V p\u0159\u00edpad\u011b, \u017ee ani jeden nebude \u00fasp\u011b\u0161n\u00fd z\u00e1silka se vrac\u00ed k n\u00e1m.<br \/>\nJakmile odejde z\u00e1silka z na\u0161eho skladu, DPD V\u00e1m po\u0161le SMS a e-mail s informac\u00ed, \u017ee n\u00e1sleduj\u00edc\u00ed pracovn\u00ed den m\u016f\u017eete o\u010dek\u00e1vat bal\u00ed\u010dek.<br \/>\nV den doru\u010den\u00ed V\u00e1m up\u0159esn\u00ed \u010das, kdy kur\u00fdr p\u0159ijede.<br \/>\nObdr\u017e\u00edte tak\u00e9 p\u0159\u00edstupov\u00e9 \u00fadaje do webov\u00e9 aplikace DPD Kur\u00fdr, kde uvid\u00edte, jak se k V\u00e1m bal\u00ed\u010dek bl\u00ed\u017e\u00ed. V aplikaci si nav\u00edc m\u016f\u017eete zm\u011bnit adresu \u010di term\u00edn doru\u010den\u00ed, zvolit osobn\u00ed odb\u011br ve v\u00fddejn\u00edm m\u00edst\u011b Pickup nebo p\u0159idat z\u00e1lo\u017en\u00ed adresu.<\/p>\n<p><strong>M\u00edt bal\u00ed\u010dek pod kontrolou znamen\u00e1 :<\/strong><\/p>\n<ul>\n<li><strong>Zm\u011bnit si term\u00edn nebo adresu doru\u010den\u00ed.<\/strong> V na\u0161\u00ed webov\u00e9 aplikaci <span style=\"color: #f1000a;\"><a style=\"color: #f1000a;\" href=\"http:\/\/dorucujemeradost.dpd.cz\/dpd-kuryr\" target=\"_self\" rel=\"noopener noreferrer\">DPD Kur\u00fdr<\/a><\/span>\u00a0si m\u016f\u017eete upravit term\u00edn i\u00a0m\u00edsto doru\u010den\u00ed. Pokud je v\u00e1\u0161 bal\u00ed\u010dek u\u017e na cest\u011b n\u011bkterou z\u00a0na\u0161ich dod\u00e1vek, zm\u011bna posune doru\u010den\u00ed o\u00a0jeden den.<\/li>\n<\/ul>\n<ul>\n<li><strong>Vybrat si term\u00edn, kdy se v\u00e1m doru\u010den\u00ed hod\u00ed.<\/strong> Sami si m\u016f\u017eete ur\u010dit, kter\u00fd den se v\u00e1m hod\u00ed, abychom v\u00e1m bal\u00ed\u010dek doru\u010dili. Nebo si vyberte nejbli\u017e\u0161\u00ed v\u00fddejn\u00ed m\u00edsto <span style=\"color: #f1000a;\"><a style=\"color: #f1000a;\" href=\"https:\/\/pickup.dpd.cz\/\" target=\"_self\" rel=\"noopener noreferrer\">Pickup<\/a><\/span>, kter\u00fdch m\u00e1me u\u017e t\u00e9m\u011b\u0159 1 000, kde na v\u00e1s bal\u00ed\u010dek po\u010dk\u00e1 a\u017e 6 dn\u016f.<\/li>\n<\/ul>\n<ul>\n<li class=\"last\"><strong>Sledovat, kolik adres kur\u00fdrovi zb\u00fdv\u00e1. <\/strong>V\u00a0den doru\u010den\u00ed m\u016f\u017eete na map\u011b sledovat, jak se v\u00e1\u0161 bal\u00ed\u010dek bl\u00ed\u017e\u00ed k m\u00edstu doru\u010den\u00ed. Tak\u00e9 m\u016f\u017eete sledovat kolik adres zb\u00fdv\u00e1 kur\u00fdrovi, ne\u017e k v\u00e1m s bal\u00ed\u010dkem doraz\u00ed.<\/li>\n<\/ul>\n<p>[\/vc_column_text][vc_column_text css=&#8220;.vc_custom_1571838116178{margin-bottom: 20px !important;}&#8220;]<b>Aplikace DPD Kur\u00fdr je skv\u011bl\u00fdm pomocn\u00edkem p\u0159i doru\u010den\u00ed.<\/b><br \/>\nUsnadn\u00ed v\u00e1m \u017eivot, ale tak\u00e9 zv\u00fd\u0161\u00ed \u0161anci, \u017ee v\u00e1m bal\u00ed\u010dek doru\u010d\u00edme hned napoprv\u00e9 a na hodinu p\u0159esn\u011b.<br \/>\nCo v\u0161echno DPD Kur\u00fdr umo\u017e\u0148uje?<\/p>\n<ul>\n<li>Zm\u011bnit \u010das a m\u00edsto doru\u010den\u00ed.<\/li>\n<li>Sledovat na map\u011b, jak se kur\u00fdr bl\u00ed\u017e\u00ed a kolik adres mu zb\u00fdv\u00e1.<\/li>\n<li>P\u0159idat si z\u00e1lo\u017en\u00ed adresu nebo p\u0159esm\u011brovat bal\u00ed\u010dek do\u00a0<span style=\"color: #f1000a;\"><a style=\"color: #f1000a;\" href=\"http:\/\/pickup.dpd.cz\/\" target=\"_blank\" rel=\"noopener noreferrer\">v\u00fddejn\u00edho m\u00edsta<\/a><\/span>.<\/li>\n<\/ul>\n<p>P\u0159\u00edstupov\u00e9 \u00fadaje do aplikace od n\u00e1s dostanete SMSkou a e-mailem. V den doru\u010den\u00ed v\u00e1m tak\u00e9 po\u0161leme hodinov\u00fd interval, kdy bal\u00ed\u010dek doru\u010d\u00edme.[\/vc_column_text][vc_row_inner][vc_column_inner][vc_custom_heading text=&#8220;DPD doru\u010den\u00ed:&#8220; font_container=&#8220;tag:h4|text_align:left&#8220; use_theme_fonts=&#8220;yes&#8220;]<style>.porto-info-list3ffc4cc4efa63922118348355c305d8b i { font-size: 14px; }<\/style><ul class=\"porto-info-list  porto-info-list3ffc4cc4efa63922118348355c305d8b wpb_custom_a2bea3512942fe3cc7c23f89c816cfd9\"><li class=\"porto-info-list-item  wpb_custom_205edc6de9e53bd4458e8a5265d85879\"><i class=\"porto-info-icon porto-icon-chat\"><\/i><div class=\"porto-info-list-item-desc\"><strong>DPD Pickup<\/strong> vyberte si nejbli\u017e\u0161\u00ed v\u00fddejn\u00ed m\u00edsto dle po\u0159eby. S v\u00fdb\u011brem v\u00e1m pom\u016f\u017ee <strong><a href=\"https:\/\/pickup.dpd.cz\/\" target=\"_blank\" rel=\"noopener noreferrer\">tento odkaz<\/a><\/strong>, nebo klikn\u011bte na mapu.<\/div><\/li><li class=\"porto-info-list-item  wpb_custom_205edc6de9e53bd4458e8a5265d85879\"><i class=\"porto-info-icon porto-icon-chat\"><\/i><div class=\"porto-info-list-item-desc\"><strong>DPD Kur\u00fdr<\/strong> doru\u010duje z\u00e1silky a to i na dob\u00edrku a\u017e k v\u00e1m dom\u016f.<\/div><\/li><\/ul>[vc_column_text css=&#8220;.vc_custom_1565107828069{margin-bottom: 20px !important;}&#8220;][\/vc_column_text]<style>.porto-info-list3ffc4cc4efa63922118348355c305d8b i { font-size: 14px; }<\/style><ul class=\"porto-info-list  porto-info-list3ffc4cc4efa63922118348355c305d8b wpb_custom_a2bea3512942fe3cc7c23f89c816cfd9\"><li class=\"porto-info-list-item  wpb_custom_eade0171093a7591372ccf9372738e3d\"><i class=\"porto-info-icon porto-icon-forward\"><\/i><div class=\"porto-info-list-item-desc\">O mo\u017enostech platby\u00a0 &#8222;Jak zaplatit ? &#8220;\u00a0 <span style=\"color: #f1000a;\"><a style=\"color: #f1000a;\" href=\"https:\/\/eshop-rommuz.cz\/zpusob-uhrady\/\" target=\"_blank\" rel=\"noopener noreferrer\"><strong>naleznete zde<\/strong><\/a><\/span><\/div><\/li><\/ul>[vc_column_text][\/vc_column_text][\/vc_column_inner][\/vc_row_inner][vc_separator color=&#8220;custom&#8220; accent_color=&#8220;#d51820&#8243;]<div class=\"porto-sicon-box  wpb_custom_1efe903570d178ff0a9b7bfa5febd3a4 style_1 default-icon\"><div class=\"porto-sicon-default\"><div class=\"porto-just-icon-wrapper porto-sicon-img  porto-icon-4982831566f157ed7d7eaad2ecc9d4ec porto-u-circle\" style=\"background:#f7f7f7;font-size: 48px;\"><img decoding=\"async\" class=\"img-icon\" alt=\"\" src=\"https:\/\/eshop-rommuz.cz\/wp-content\/uploads\/2019\/10\/symbol.png\" width=\"134\" height=\"134\" \/><\/div><\/div><div class=\"porto-sicon-header\"><h4 class=\"porto-sicon-title\" style=\"\">OSOBN\u00cd ODB\u011aR V MUZEU<\/h4><\/div> <!-- header --><\/div><!-- porto-sicon-box -->[vc_column_text]<strong>Bratislavsk\u00e1 67, Brno, 602 00<\/strong>[\/vc_column_text]<style>.porto-info-list3ffc4cc4efa63922118348355c305d8b i { font-size: 14px; }<\/style><ul class=\"porto-info-list  porto-info-list3ffc4cc4efa63922118348355c305d8b wpb_custom_a2bea3512942fe3cc7c23f89c816cfd9\"><li class=\"porto-info-list-item  wpb_custom_205edc6de9e53bd4458e8a5265d85879\"><i class=\"porto-info-icon fas fa-street-view\"><\/i><div class=\"porto-info-list-item-desc\">Objednan\u00e9 zbo\u017e\u00ed p\u0159i zvolen\u00e9m osobn\u00edm odb\u011bru si m\u016f\u017eete vyzvednout dle otev\u00edrac\u00ed doby na recepci muzea<\/div><\/li><li class=\"porto-info-list-item  wpb_custom_205edc6de9e53bd4458e8a5265d85879\"><i class=\"porto-info-icon fas fa-street-view\"><\/i><div class=\"porto-info-list-item-desc\">\n<p>Pond\u011bl\u00ed &#8211; Ned\u011ble &#8211; 10:00 &#8211; 18:00<\/div><\/li><\/ul>[vc_custom_heading text=&#8220;Mo\u017enosti platby&#8220; font_container=&#8220;tag:h4|text_align:left&#8220; use_theme_fonts=&#8220;yes&#8220;]<style>.porto-info-list3ffc4cc4efa63922118348355c305d8b i { font-size: 14px; }<\/style><ul class=\"porto-info-list  porto-info-list3ffc4cc4efa63922118348355c305d8b wpb_custom_a2bea3512942fe3cc7c23f89c816cfd9\"><li class=\"porto-info-list-item  wpb_custom_eade0171093a7591372ccf9372738e3d\"><i class=\"porto-info-icon porto-icon-forward\"><\/i><div class=\"porto-info-list-item-desc\">O mo\u017enostech platby\u00a0 &#8222;Jak zaplatit ? &#8220;\u00a0 <span style=\"color: #f1000a;\"><a style=\"color: #f1000a;\" href=\"https:\/\/eshop-rommuz.cz\/zpusob-uhrady\/\" target=\"_blank\" rel=\"noopener noreferrer\"><strong>naleznete zde<\/strong><\/a><\/span><\/div><\/li><\/ul><style>.porto-info-list3ffc4cc4efa63922118348355c305d8b i { font-size: 14px; }<\/style><ul class=\"porto-info-list  porto-info-list3ffc4cc4efa63922118348355c305d8b wpb_custom_a2bea3512942fe3cc7c23f89c816cfd9\"><li class=\"porto-info-list-item  wpb_custom_205edc6de9e53bd4458e8a5265d85879\"><i class=\"porto-info-icon porto-icon-us-dollar\"><\/i><div class=\"porto-info-list-item-desc\"><strong>Hotov\u011b, kartou<\/strong>\u00a0na recepci muzea<\/div><\/li><li class=\"porto-info-list-item  wpb_custom_205edc6de9e53bd4458e8a5265d85879\"><i class=\"porto-info-icon porto-icon-us-dollar\"><\/i><div class=\"porto-info-list-item-desc\"><strong>P\u0159edem bankovn\u00edm p\u0159evodem<\/strong><\/div><\/li><\/ul>[vc_gmaps link=&#8220;#E-8_JTNDaWZyYW1lJTIwc3JjJTNEJTIyaHR0cHMlM0ElMkYlMkZhcGkubWFweS5jeiUyRmZyYW1lJTNGcGFyYW1zJTNEJTI1N0IlMjUyMnglMjUyMiUyNTNBMTYuNjIyNDQwNTQ2NTU3NjEzJTI1MkMlMjUyMnklMjUyMiUyNTNBNDkuMjAwNjY4NjUxNzUxNTElMjUyQyUyNTIyYmFzZSUyNTIyJTI1M0ElMjUyMjElMjUyMiUyNTJDJTI1MjJsYXllcnMlMjUyMiUyNTNBJTI1NUIlMjU1RCUyNTJDJTI1MjJ6b29tJTI1MjIlMjUzQTE3JTI1MkMlMjUyMnVybCUyNTIyJTI1M0ElMjUyMmh0dHBzJTI1M0ElMjUyRiUyNTJGbWFweS5jeiUyNTJGcyUyNTJGZ2VwdWhhemFsYSUyNTIyJTI1MkMlMjUyMm1hcmslMjUyMiUyNTNBJTI1N0IlMjUyMnglMjUyMiUyNTNBJTI1MjIxNi42MjI4Njk3JTI1MjIlMjUyQyUyNTIyeSUyNTIyJTI1M0ElMjUyMjQ5LjIwMDYzMzYlMjUyMiUyNTJDJTI1MjJ0aXRsZSUyNTIyJTI1M0ElMjUyMk11emV1bSUyNTIwcm9tc2slMjVDMyUyNUE5JTI1MjBrdWx0dXJ5JTI1MjIlMjU3RCUyNTJDJTI1MjJvdmVydmlldyUyNTIyJTI1M0FmYWxzZSUyNTdEJTI2YW1wJTNCd2lkdGglM0Q3NDAlMjZhbXAlM0JoZWlnaHQlM0QyODAlMjZhbXAlM0JsYW5nJTNEY3MlMjIlMjB3aWR0aCUzRCUyMjc0MCUyMiUyMGhlaWdodCUzRCUyMjI4MCUyMiUyMHN0eWxlJTNEJTIyYm9yZGVyJTNBbm9uZSUyMiUyMGZyYW1lQm9yZGVyJTNEJTIyMCUyMiUzRSUzQyUyRmlmcmFtZSUzRQ==&#8220;][\/vc_column][vc_column width=&#8220;1\/3&#8243;][vc_separator color=&#8220;custom&#8220; accent_color=&#8220;#d51820&#8243;]<div class=\"porto-sticky \" data-plugin-options=\"{&quot;containerSelector&quot;:&quot;.page-content&quot;,&quot;minWidth&quot;:768,&quot;padding&quot;:{&quot;top&quot;:110,&quot;bottom&quot;:0},&quot;activeClass&quot;:&quot;sticky-active&quot;}\">[vc_single_image image=&#8220;3375&#8243; img_size=&#8220;&#8220; alignment=&#8220;center&#8220; onclick=&#8220;custom_link&#8220; img_link_target=&#8220;_blank&#8220; css=&#8220;.vc_custom_1571600930122{margin-bottom: 0px !important;}&#8220; link=&#8220;https:\/\/www.dpdkuryr.cz\/home\/parcel&#8220;][vc_separator color=&#8220;custom&#8220; el_width=&#8220;50&#8243; accent_color=&#8220;#d1d1d1&#8243;][vc_single_image image=&#8220;3379&#8243; img_size=&#8220;&#8220; alignment=&#8220;center&#8220; onclick=&#8220;custom_link&#8220; img_link_target=&#8220;_blank&#8220; css=&#8220;.vc_custom_1571600961669{margin-bottom: 0px !important;}&#8220; link=&#8220;https:\/\/pickup.dpd.cz\/&#8220;][vc_separator color=&#8220;custom&#8220; el_width=&#8220;50&#8243; accent_color=&#8220;#d1d1d1&#8243;][vc_single_image image=&#8220;3392&#8243; img_size=&#8220;&#8220; add_caption=&#8220;yes&#8220; alignment=&#8220;center&#8220; style=&#8220;vc_box_shadow_border&#8220; onclick=&#8220;custom_link&#8220; img_link_target=&#8220;_blank&#8220; css=&#8220;.vc_custom_1571653495282{margin-bottom: 0px !important;}&#8220; link=&#8220;https:\/\/www.dpd.com\/cz\/business_customers\/poznejte_nas\/spolecenska_odpovednost&#8220;]<\/div>[\/vc_column][\/vc_row][vc_row][vc_column][\/vc_column][\/vc_row]<\/p>\n<\/section>","protected":false},"excerpt":{"rendered":"<p>[vc_row][vc_column width=&#8220;2\/3&#8243;][vc_separator color=&#8220;custom&#8220; accent_color=&#8220;#d51820&#8243;][vc_custom_heading text=&#8220;ZP\u016eSOB DOPRAVY&#8220; font_container=&#8220;tag:h2|font_size:24px|text_align:left|line_height:28px&#8220; use_theme_fonts=&#8220;yes&#8220;][vc_column_text css=&#8220;.vc_custom_1680246354867{margin-bottom: 20px !important;}&#8220;] U\u017e p\u0159i objedn\u00e1n\u00ed zbo\u017e\u00ed si m\u016f\u017eete bal\u00ed\u010dek nechat poslat do v\u00fddejn\u00edho m\u00edsta Pickup. Pokud e-shop tuto mo\u017enost nenab\u00edz\u00ed, bal\u00ed\u010dek tam m\u016f\u017eete p\u0159esm\u011brovat z na\u0161\u00ed aplikace\u00a0DPD Kur\u00fdr. V \u010cR tvo\u0159\u00ed\u00a0na\u0161i s\u00ed\u0165\u00a0v\u00fddejn\u00edch m\u00edst u\u017e t\u00e9m\u011b\u0159 1 000 pobo\u010dek. V\u011bt\u0161ina z nich m\u00e1 otev\u0159eno i o v\u00edkendu [&hellip;]<\/p>\n","protected":false},"author":1,"featured_media":0,"parent":0,"menu_order":0,"comment_status":"closed","ping_status":"closed","template":"","meta":{"footnotes":""},"yst_prominent_words":[],"class_list":["post-2531","page","type-page","status-publish","hentry"],"_links":{"self":[{"href":"https:\/\/eshop-rommuz.cz\/index.php?rest_route=\/wp\/v2\/pages\/2531","targetHints":{"allow":["GET"]}}],"collection":[{"href":"https:\/\/eshop-rommuz.cz\/index.php?rest_route=\/wp\/v2\/pages"}],"about":[{"href":"https:\/\/eshop-rommuz.cz\/index.php?rest_route=\/wp\/v2\/types\/page"}],"author":[{"embeddable":true,"href":"https:\/\/eshop-rommuz.cz\/index.php?rest_route=\/wp\/v2\/users\/1"}],"replies":[{"embeddable":true,"href":"https:\/\/eshop-rommuz.cz\/index.php?rest_route=%2Fwp%2Fv2%2Fcomments&post=2531"}],"version-history":[{"count":47,"href":"https:\/\/eshop-rommuz.cz\/index.php?rest_route=\/wp\/v2\/pages\/2531\/revisions"}],"predecessor-version":[{"id":6123,"href":"https:\/\/eshop-rommuz.cz\/index.php?rest_route=\/wp\/v2\/pages\/2531\/revisions\/6123"}],"wp:attachment":[{"href":"https:\/\/eshop-rommuz.cz\/index.php?rest_route=%2Fwp%2Fv2%2Fmedia&parent=2531"}],"wp:term":[{"taxonomy":"yst_prominent_words","embeddable":true,"href":"https:\/\/eshop-rommuz.cz\/index.php?rest_route=%2Fwp%2Fv2%2Fyst_prominent_words&post=2531"}],"curies":[{"name":"wp","href":"https:\/\/api.w.org\/{rel}","templated":true}]}}