{"id":2534,"date":"2019-06-29T21:39:55","date_gmt":"2019-06-29T19:39:55","guid":{"rendered":"https:\/\/eshop-rommuz.cz\/?page_id=2534"},"modified":"2023-03-31T09:12:45","modified_gmt":"2023-03-31T07:12:45","slug":"zpusob-uhrady","status":"publish","type":"page","link":"https:\/\/eshop-rommuz.cz\/?page_id=2534","title":{"rendered":"Zp\u016fsob \u00fahrady"},"content":{"rendered":"<section class=\"wpb-content-wrapper\"><p>[vc_row][vc_column width=&#8220;2\/3&#8243;][vc_separator color=&#8220;custom&#8220; accent_color=&#8220;#d51820&#8243;][vc_custom_heading text=&#8220;JAK ZAPLATIT VA\u0160I OBJEDN\u00c1VKU ?&#8220; font_container=&#8220;tag:h2|font_size:24px|text_align:left|line_height:28px&#8220; use_theme_fonts=&#8220;yes&#8220;]<div class=\"porto-sicon-box  wpb_custom_1efe903570d178ff0a9b7bfa5febd3a4 style_1 default-icon\"><div class=\"porto-sicon-default\"><div class=\"porto-just-icon-wrapper porto-sicon-img  porto-icon-4982831566f157ed7d7eaad2ecc9d4ec porto-u-circle\" style=\"background:#f7f7f7;font-size: 48px;\"><img decoding=\"async\" class=\"img-icon\" alt=\"\" src=\"https:\/\/eshop-rommuz.cz\/wp-content\/uploads\/2019\/10\/bankovnim-prevodem.png\" width=\"53\" height=\"58\" \/><\/div><\/div><div class=\"porto-sicon-header\"><h4 class=\"porto-sicon-title\" style=\"\">BANKOVN\u00cdM P\u0158EVODEM<\/h4><\/div> <!-- header --><\/div><!-- porto-sicon-box -->[vc_column_text css=&#8220;.vc_custom_1638278746893{margin-bottom: 20px !important;}&#8220;]Pro platbu bankovn\u00edm p\u0159evodem uhra\u010fte uvedenou \u010d\u00e1stku na <strong> \u010d\u00edslo \u00fa\u010dtu : 197531621\/0710 <\/strong>.<br \/>\n<strong>Variabiln\u00ed symbol: \u010d\u00edslo objedn\u00e1vky<\/strong> najdete jej na proforma faktu\u0159e nap\u0159: OBJEDN\u00c1VKA ID: 228-001 nebo v textu emailu Objedn\u00e1vka \u010d.: 228-001<\/p>\n<p>P\u0159\u00edklad: 250 K\u010d uhra\u010fte na \u010d\u00edslo \u00fa\u010dtu : 197531621\/0710 pod variabiln\u00edm symbolem 228001[\/vc_column_text][vc_separator color=&#8220;custom&#8220; accent_color=&#8220;#d51820&#8243;]<div class=\"porto-sicon-box  wpb_custom_1efe903570d178ff0a9b7bfa5febd3a4 style_1 default-icon\"><div class=\"porto-sicon-default\"><div class=\"porto-just-icon-wrapper porto-sicon-img  porto-icon-4982831566f157ed7d7eaad2ecc9d4ec porto-u-circle\" style=\"background:#f7f7f7;font-size: 48px;\"><img decoding=\"async\" class=\"img-icon\" alt=\"\" src=\"https:\/\/eshop-rommuz.cz\/wp-content\/uploads\/2019\/10\/symbol.png\" width=\"134\" height=\"134\" \/><\/div><\/div><div class=\"porto-sicon-header\"><h4 class=\"porto-sicon-title\" style=\"\">PLATBA P\u0158I OSOBN\u00cdM ODB\u011aRU<\/h4><\/div> <!-- header --><\/div><!-- porto-sicon-box -->[vc_column_text]<strong>Bratislavsk\u00e1 67, Brno, 602 00<\/strong>[\/vc_column_text]<style>.porto-info-list3ffc4cc4efa63922118348355c305d8b i { font-size: 14px; }<\/style><ul class=\"porto-info-list  porto-info-list3ffc4cc4efa63922118348355c305d8b wpb_custom_a2bea3512942fe3cc7c23f89c816cfd9\"><li class=\"porto-info-list-item  wpb_custom_205edc6de9e53bd4458e8a5265d85879\"><i class=\"porto-info-icon fas fa-university\"><\/i><div class=\"porto-info-list-item-desc\"><strong>P\u0159edem bankovn\u00edm p\u0159evodem<\/strong> &#8211; k vyzvednut\u00ed a\u017e po \u00fahrad\u011b v\u00e1mi vybran\u00e9ho zbo\u017e\u00ed<\/div><\/li><li class=\"porto-info-list-item  wpb_custom_205edc6de9e53bd4458e8a5265d85879\"><i class=\"porto-info-icon porto-icon-credit-card\"><\/i><div class=\"porto-info-list-item-desc\"><strong>Kartou<\/strong>\u00a0na recepci muzea<\/div><\/li><li class=\"porto-info-list-item  wpb_custom_205edc6de9e53bd4458e8a5265d85879\"><i class=\"porto-info-icon Simple-Line-Icons-wallet\"><\/i><div class=\"porto-info-list-item-desc\"><strong>Hotov\u011b<\/strong>\u00a0na recepci muzea<\/div><\/li><\/ul><style>.porto-info-list3ffc4cc4efa63922118348355c305d8b i { font-size: 14px; }<\/style><ul class=\"porto-info-list  porto-info-list3ffc4cc4efa63922118348355c305d8b wpb_custom_a2bea3512942fe3cc7c23f89c816cfd9\"><li class=\"porto-info-list-item  wpb_custom_205edc6de9e53bd4458e8a5265d85879\"><i class=\"porto-info-icon fas fa-street-view\"><\/i><div class=\"porto-info-list-item-desc\">Objednan\u00e9 zbo\u017e\u00ed p\u0159i zvolen\u00e9m osobn\u00edm odb\u011bru si m\u016f\u017eete vyzvednout dle otev\u00edrac\u00ed doby na recepci muzea<\/div><\/li><li class=\"porto-info-list-item  wpb_custom_205edc6de9e53bd4458e8a5265d85879\"><i class=\"porto-info-icon fas fa-street-view\"><\/i><div class=\"porto-info-list-item-desc\">Pond\u011bl\u00ed &#8211; Ned\u011ble &#8211; 10:00 &#8211; 18:00<\/div><\/li><\/ul>[vc_separator color=&#8220;custom&#8220; accent_color=&#8220;#d51820&#8243;]<style>.porto-info-list3ffc4cc4efa63922118348355c305d8b i { font-size: 14px; }<\/style><ul class=\"porto-info-list  porto-info-list3ffc4cc4efa63922118348355c305d8b wpb_custom_a2bea3512942fe3cc7c23f89c816cfd9\"><li class=\"porto-info-list-item  wpb_custom_205edc6de9e53bd4458e8a5265d85879\"><i class=\"porto-info-icon porto-icon-attention-alt\"><\/i><div class=\"porto-info-list-item-desc\"><strong>Objednan\u00e9 zbo\u017e\u00ed je pro v\u00e1s na prodejn\u011b rezervov\u00e1no po dobu 7 dn\u016f od vytvo\u0159en\u00ed objedn\u00e1vky.<\/strong><\/div><\/li><\/ul>[vc_separator color=&#8220;custom&#8220; accent_color=&#8220;#d51820&#8243;][\/vc_column][vc_column width=&#8220;1\/3&#8243;]<div class=\"porto-sticky \" data-plugin-options=\"{&quot;containerSelector&quot;:&quot;.page-content&quot;,&quot;minWidth&quot;:768,&quot;padding&quot;:{&quot;top&quot;:110,&quot;bottom&quot;:0},&quot;activeClass&quot;:&quot;sticky-active&quot;,&quot;autoFit&quot;:true}\">[vc_separator color=&#8220;custom&#8220; accent_color=&#8220;#d51820&#8243;][vc_single_image image=&#8220;3375&#8243; img_size=&#8220;&#8220; alignment=&#8220;center&#8220; onclick=&#8220;custom_link&#8220; img_link_target=&#8220;_blank&#8220; css=&#8220;.vc_custom_1571851841942{margin-bottom: 0px !important;}&#8220; link=&#8220;https:\/\/www.dpdkuryr.cz\/home\/parcel&#8220;][vc_separator color=&#8220;custom&#8220; el_width=&#8220;50&#8243; accent_color=&#8220;#d1d1d1&#8243;][vc_single_image image=&#8220;3379&#8243; img_size=&#8220;&#8220; alignment=&#8220;center&#8220; onclick=&#8220;custom_link&#8220; img_link_target=&#8220;_blank&#8220; css=&#8220;.vc_custom_1571851814494{margin-bottom: 0px !important;}&#8220; link=&#8220;https:\/\/pickup.dpd.cz\/&#8220;]<\/div>[\/vc_column][\/vc_row]<\/p>\n<\/section>","protected":false},"excerpt":{"rendered":"<p>[vc_row][vc_column width=&#8220;2\/3&#8243;][vc_separator color=&#8220;custom&#8220; accent_color=&#8220;#d51820&#8243;][vc_custom_heading text=&#8220;JAK ZAPLATIT VA\u0160I OBJEDN\u00c1VKU ?&#8220; font_container=&#8220;tag:h2|font_size:24px|text_align:left|line_height:28px&#8220; use_theme_fonts=&#8220;yes&#8220;][vc_column_text css=&#8220;.vc_custom_1638278746893{margin-bottom: 20px !important;}&#8220;]Pro platbu bankovn\u00edm p\u0159evodem uhra\u010fte uvedenou \u010d\u00e1stku na \u010d\u00edslo \u00fa\u010dtu : 197531621\/0710 . Variabiln\u00ed symbol: \u010d\u00edslo objedn\u00e1vky najdete jej na proforma faktu\u0159e nap\u0159: OBJEDN\u00c1VKA ID: 228-001 nebo v textu emailu Objedn\u00e1vka \u010d.: 228-001 P\u0159\u00edklad: 250 K\u010d uhra\u010fte na \u010d\u00edslo \u00fa\u010dtu : 197531621\/0710 [&hellip;]<\/p>\n","protected":false},"author":1,"featured_media":0,"parent":0,"menu_order":0,"comment_status":"closed","ping_status":"closed","template":"","meta":{"footnotes":""},"yst_prominent_words":[],"class_list":["post-2534","page","type-page","status-publish","hentry"],"_links":{"self":[{"href":"https:\/\/eshop-rommuz.cz\/index.php?rest_route=\/wp\/v2\/pages\/2534","targetHints":{"allow":["GET"]}}],"collection":[{"href":"https:\/\/eshop-rommuz.cz\/index.php?rest_route=\/wp\/v2\/pages"}],"about":[{"href":"https:\/\/eshop-rommuz.cz\/index.php?rest_route=\/wp\/v2\/types\/page"}],"author":[{"embeddable":true,"href":"https:\/\/eshop-rommuz.cz\/index.php?rest_route=\/wp\/v2\/users\/1"}],"replies":[{"embeddable":true,"href":"https:\/\/eshop-rommuz.cz\/index.php?rest_route=%2Fwp%2Fv2%2Fcomments&post=2534"}],"version-history":[{"count":56,"href":"https:\/\/eshop-rommuz.cz\/index.php?rest_route=\/wp\/v2\/pages\/2534\/revisions"}],"predecessor-version":[{"id":6125,"href":"https:\/\/eshop-rommuz.cz\/index.php?rest_route=\/wp\/v2\/pages\/2534\/revisions\/6125"}],"wp:attachment":[{"href":"https:\/\/eshop-rommuz.cz\/index.php?rest_route=%2Fwp%2Fv2%2Fmedia&parent=2534"}],"wp:term":[{"taxonomy":"yst_prominent_words","embeddable":true,"href":"https:\/\/eshop-rommuz.cz\/index.php?rest_route=%2Fwp%2Fv2%2Fyst_prominent_words&post=2534"}],"curies":[{"name":"wp","href":"https:\/\/api.w.org\/{rel}","templated":true}]}}