{"id":3,"date":"2017-09-27T15:54:20","date_gmt":"2017-09-27T15:54:20","guid":{"rendered":"https:\/\/eshop-rommuz.cz\/?page_id=3"},"modified":"2022-12-30T19:41:05","modified_gmt":"2022-12-30T18:41:05","slug":"wishlist","status":"publish","type":"page","link":"https:\/\/eshop-rommuz.cz\/?page_id=3","title":{"rendered":"Seznam p\u0159\u00e1n\u00ed"},"content":{"rendered":"<p>[yith_wcwl_wishlist]<\/p>\n","protected":false},"excerpt":{"rendered":"<p>[yith_wcwl_wishlist]<\/p>\n","protected":false},"author":1,"featured_media":0,"parent":0,"menu_order":0,"comment_status":"closed","ping_status":"closed","template":"","meta":{"footnotes":""},"yst_prominent_words":[],"class_list":["post-3","page","type-page","status-publish","hentry"],"_links":{"self":[{"href":"https:\/\/eshop-rommuz.cz\/index.php?rest_route=\/wp\/v2\/pages\/3","targetHints":{"allow":["GET"]}}],"collection":[{"href":"https:\/\/eshop-rommuz.cz\/index.php?rest_route=\/wp\/v2\/pages"}],"about":[{"href":"https:\/\/eshop-rommuz.cz\/index.php?rest_route=\/wp\/v2\/types\/page"}],"author":[{"embeddable":true,"href":"https:\/\/eshop-rommuz.cz\/index.php?rest_route=\/wp\/v2\/users\/1"}],"replies":[{"embeddable":true,"href":"https:\/\/eshop-rommuz.cz\/index.php?rest_route=%2Fwp%2Fv2%2Fcomments&post=3"}],"version-history":[{"count":3,"href":"https:\/\/eshop-rommuz.cz\/index.php?rest_route=\/wp\/v2\/pages\/3\/revisions"}],"predecessor-version":[{"id":2936,"href":"https:\/\/eshop-rommuz.cz\/index.php?rest_route=\/wp\/v2\/pages\/3\/revisions\/2936"}],"wp:attachment":[{"href":"https:\/\/eshop-rommuz.cz\/index.php?rest_route=%2Fwp%2Fv2%2Fmedia&parent=3"}],"wp:term":[{"taxonomy":"yst_prominent_words","embeddable":true,"href":"https:\/\/eshop-rommuz.cz\/index.php?rest_route=%2Fwp%2Fv2%2Fyst_prominent_words&post=3"}],"curies":[{"name":"wp","href":"https:\/\/api.w.org\/{rel}","templated":true}]}}