{"id":55,"date":"2016-06-13T15:48:45","date_gmt":"2016-06-13T15:48:45","guid":{"rendered":"http:\/\/sw-themes.com\/porto_dummy\/?page_id=55"},"modified":"2025-11-25T10:27:19","modified_gmt":"2025-11-25T09:27:19","slug":"o-nas","status":"publish","type":"page","link":"https:\/\/eshop-rommuz.cz\/?page_id=55","title":{"rendered":"O n\u00e1s"},"content":{"rendered":"<section class=\"wpb-content-wrapper\"><p>[vc_row wrap_container=&#8220;yes&#8220; css=&#8220;.vc_custom_1519804692056{padding-top: 30px !important;padding-bottom: 30px !important;}&#8220;][vc_column]<div class=\"porto-u-heading  wpb_custom_95aa9a11c17ad45cfabaf210d84ee7cc porto-u-ad87e2eaf3f9c495180fe0156ddf3eb0 \"><div class=\"porto-u-main-heading\"><h2   style=\"font-weight:700;color:#21293c;font-size:19px;\">MUZEUM ROMSK\u00c9 KULTURY<\/h2><\/div><style>.porto-u-ad87e2eaf3f9c495180fe0156ddf3eb0.porto-u-heading{text-align:left}<\/style><\/div>[vc_column_text]<\/p>\n<h3 style=\"color: #21293c; font-size: 18px; line-height: 27px; font-weight: 400; text-align: center;\"><strong>&#8222;Jsme prostorem pro setk\u00e1v\u00e1n\u00ed kultur.<\/strong><br \/>\n<strong>Otev\u00edr\u00e1me cesty ke ko\u0159en\u016fm romsk\u00e9 identity.<\/strong><br \/>\n<strong>Uchov\u00e1v\u00e1me a zp\u0159\u00edstup\u0148ujeme kulturu a historii Rom\u016f<\/strong><br \/>\n<strong>jako sou\u010d\u00e1st sv\u011btov\u00e9ho d\u011bdictv\u00ed.<\/strong><br \/>\n<strong>P\u0159isp\u00edv\u00e1me k toleranci a vz\u00e1jemn\u00e9mu porozum\u011bn\u00ed.<\/strong><br \/>\n<strong>Pro dialog kultur, pro n\u00e1s.&#8220;<\/strong><\/h3>\n<p>Muzeum romsk\u00e9 kultury bylo zalo\u017eeno v roce 1991 z iniciativy romsk\u00fdch intelektu\u00e1l\u016f jako nevl\u00e1dn\u00ed neziskov\u00e1 organizace, od roku 2005 je st\u00e1tn\u00ed p\u0159\u00edsp\u011bvkovou organizac\u00ed Ministerstva kultury \u010cR, kde spad\u00e1 pod Samostatn\u00e9 odd\u011blen\u00ed muze\u00ed. V evropsk\u00e9m kontextu jde o unik\u00e1tn\u00ed instituci, kter\u00e1 glob\u00e1ln\u011b dokumentuje kulturu Rom\u016f a Sint\u016f, respektive mnoha r\u016fzn\u00fdch romsk\u00fdch subetnick\u00fdch skupin a komunit. Sb\u00edrka muzea je zaps\u00e1na v Centr\u00e1ln\u00ed evidenci sb\u00edrek, obsahuje p\u0159es 28 000 sb\u00edrkov\u00fdch p\u0159edm\u011bt\u016f, je \u010dlen\u011bna do 5 podsb\u00edrek a v r\u00e1mci nich do 14 sb\u00edrkov\u00fdch fond\u016f.<\/p>\n<p>Muzeum se od po\u010d\u00e1tku sna\u017eilo p\u0159edev\u0161\u00edm budovat\u00a0<a href=\"https:\/\/www.rommuz.cz\/cs\/odborna-verejnost\/sbirkotvorna-cinnost\/\">sb\u00edrkov\u00e9 fondy<\/a>, dokumentuj\u00edc\u00ed kulturu a d\u011bjiny Rom\u016f. Dnes spravuje fondy tradi\u010dn\u00edch \u0159emesel a profes\u00ed, typ\u016f obydl\u00ed, vybaven\u00ed interi\u00e9ru, od\u011bvu a \u0161perku, v\u00fdtvarn\u00e9ho um\u011bn\u00ed, p\u00edsemn\u00e9ho materi\u00e1lu, plak\u00e1t\u016f a pozv\u00e1nek, audio, foto a videodokumentace, knihovny, ohlas\u016f kultury Rom\u016f v kultu\u0159e majoritn\u00ed a sebedokumentace muzea.<\/p>\n<p>V\u0161echny sb\u00edrkov\u00e9 fondy jsou k dispozici badatel\u016fm, stejn\u011b jako\u00a0<a href=\"https:\/\/www.rommuz.cz\/cs\/odborna-verejnost\/knihovna\/\">knihovna<\/a>\u00a0a studovna v prostor\u00e1ch Muzea.<\/p>\n<p>Od roku 2018 je Muzeum romsk\u00e9 kultury spr\u00e1vcem pam\u00e1tn\u00edk\u016f v\u00a0<a href=\"https:\/\/www.rommuz.cz\/cs\/lety-u-pisku\/\">Letech u P\u00edsku<\/a>\u00a0a v\u00a0<a href=\"https:\/\/www.rommuz.cz\/cs\/hodonin-u-kunstatu\/\">Hodon\u00edn\u011b u Kun\u0161t\u00e1tu<\/a>.<\/p>\n<p>Od roku 2019 Muzeum romsk\u00e9 kultury p\u0159evzalo do spr\u00e1vy vilu na Velvarsk\u00e9 1, kde buduje\u00a0<a href=\"https:\/\/www.rommuz.cz\/cs\/praha\/\">Centrum Rom\u016f a Sint\u016f v Praze.<\/a>[\/vc_column_text][\/vc_column][\/vc_row][vc_row wrap_container=&#8220;yes&#8220; css=&#8220;.vc_custom_1519805538811{padding-top: 50px !important;padding-bottom: 40px !important;background-color: #f4f4f4 !important;}&#8220;][vc_column][vc_separator color=&#8220;custom&#8220; el_width=&#8220;90&#8243; accent_color=&#8220;#ef2925&#8243;]<div class=\"porto-u-heading  wpb_custom_95aa9a11c17ad45cfabaf210d84ee7cc porto-u-ad87e2eaf3f9c495180fe0156ddf3eb0 \"><div class=\"porto-u-main-heading\"><h2   style=\"font-weight:700;color:#21293c;font-size:19px;\">INFORMACE<\/h2><\/div><style>.porto-u-ad87e2eaf3f9c495180fe0156ddf3eb0.porto-u-heading{text-align:left}<\/style><\/div>[vc_row_inner][vc_column_inner width=&#8220;1\/3&#8243;]<div class=\"porto-sicon-box  wpb_custom_1ba50b84f0433336c41d0a3d8d5ed43f style_1 top-icon\"><div class=\"porto-sicon-top\"><div class=\"porto-just-icon-wrapper porto-icon none\" style=\"color:#4b4b4b;font-size:55px;\"><i class=\"fas fa-street-view\"><\/i><\/div><\/div><div class=\"porto-sicon-header\"><h3 class=\"porto-sicon-title\" style=\"font-weight:600;font-size:18px;color:#21293c;line-height:20px;\">Kde n\u00e1s najdete<\/h3><\/div> <!-- header --><div class=\"porto-sicon-description\" style=\"font-size:15px;line-height:27px;\"><span style=\"font-size: 18px;\">Bratislavsk\u00e1 246\/67, <\/span><span style=\"font-size: 18px;\">Brno 602 00, \u010cesk\u00e1 republika<\/span><\/div> <!-- description --><\/div><!-- porto-sicon-box -->[\/vc_column_inner][vc_column_inner width=&#8220;1\/3&#8243;]<div class=\"porto-sicon-box  wpb_custom_78a34f252d6e6cc8e52f42267c00db12 style_1 top-icon\"><div class=\"porto-sicon-top\"><div class=\"porto-just-icon-wrapper porto-icon none\" style=\"color:#4b4b4b;font-size:55px;\"><i class=\"far fa-clock\"><\/i><\/div><\/div><div class=\"porto-sicon-header\"><h3 class=\"porto-sicon-title\" style=\"font-weight:600;font-size:18px;color:#21293c;line-height:10px;\">Otev\u00edr\u00e1me<\/h3><\/div> <!-- header --><div class=\"porto-sicon-description\" style=\"font-size:15px;line-height:27px;\"><span style=\"font-size: 18px;\">\u00dater\u00fd &#8211; Sobota 10-18<\/span><\/p>\n<p><\/div> <!-- description --><\/div><!-- porto-sicon-box -->[\/vc_column_inner][vc_column_inner width=&#8220;1\/3&#8243;]<div class=\"porto-sicon-box  wpb_custom_1ba50b84f0433336c41d0a3d8d5ed43f style_1 top-icon\"><div class=\"porto-sicon-top\"><div class=\"porto-just-icon-wrapper porto-icon none\" style=\"color:#4b4b4b;font-size:55px;\"><i class=\"far fa-calendar-alt\"><\/i><\/div><\/div><div class=\"porto-sicon-header\"><h3 class=\"porto-sicon-title\" style=\"font-weight:600;font-size:18px;color:#21293c;line-height:20px;\">Info &amp; Kontakt<\/h3><\/div> <!-- header --><div class=\"porto-sicon-description\" style=\"font-size:15px;line-height:27px;\"><span style=\"font-size: 18px;\">(+420) 775 407 065<\/span><\/div> <!-- description --><\/div><!-- porto-sicon-box -->[\/vc_column_inner][\/vc_row_inner][vc_separator color=&#8220;custom&#8220; el_width=&#8220;90&#8243; accent_color=&#8220;#ef2925&#8243;][\/vc_column][\/vc_row]<\/p>\n<\/section>","protected":false},"excerpt":{"rendered":"<p>[vc_row wrap_container=&#8220;yes&#8220; css=&#8220;.vc_custom_1519804692056{padding-top: 30px !important;padding-bottom: 30px !important;}&#8220;][vc_column][vc_column_text] &#8222;Jsme prostorem pro setk\u00e1v\u00e1n\u00ed kultur. Otev\u00edr\u00e1me cesty ke ko\u0159en\u016fm romsk\u00e9 identity. Uchov\u00e1v\u00e1me a zp\u0159\u00edstup\u0148ujeme kulturu a historii Rom\u016f jako sou\u010d\u00e1st sv\u011btov\u00e9ho d\u011bdictv\u00ed. P\u0159isp\u00edv\u00e1me k toleranci a vz\u00e1jemn\u00e9mu porozum\u011bn\u00ed. Pro dialog kultur, pro n\u00e1s.&#8220; Muzeum romsk\u00e9 kultury bylo zalo\u017eeno v roce 1991 z iniciativy romsk\u00fdch intelektu\u00e1l\u016f jako nevl\u00e1dn\u00ed neziskov\u00e1 [&hellip;]<\/p>\n","protected":false},"author":1,"featured_media":0,"parent":0,"menu_order":0,"comment_status":"closed","ping_status":"closed","template":"","meta":{"footnotes":""},"yst_prominent_words":[],"class_list":["post-55","page","type-page","status-publish","hentry"],"_links":{"self":[{"href":"https:\/\/eshop-rommuz.cz\/index.php?rest_route=\/wp\/v2\/pages\/55","targetHints":{"allow":["GET"]}}],"collection":[{"href":"https:\/\/eshop-rommuz.cz\/index.php?rest_route=\/wp\/v2\/pages"}],"about":[{"href":"https:\/\/eshop-rommuz.cz\/index.php?rest_route=\/wp\/v2\/types\/page"}],"author":[{"embeddable":true,"href":"https:\/\/eshop-rommuz.cz\/index.php?rest_route=\/wp\/v2\/users\/1"}],"replies":[{"embeddable":true,"href":"https:\/\/eshop-rommuz.cz\/index.php?rest_route=%2Fwp%2Fv2%2Fcomments&post=55"}],"version-history":[{"count":13,"href":"https:\/\/eshop-rommuz.cz\/index.php?rest_route=\/wp\/v2\/pages\/55\/revisions"}],"predecessor-version":[{"id":6322,"href":"https:\/\/eshop-rommuz.cz\/index.php?rest_route=\/wp\/v2\/pages\/55\/revisions\/6322"}],"wp:attachment":[{"href":"https:\/\/eshop-rommuz.cz\/index.php?rest_route=%2Fwp%2Fv2%2Fmedia&parent=55"}],"wp:term":[{"taxonomy":"yst_prominent_words","embeddable":true,"href":"https:\/\/eshop-rommuz.cz\/index.php?rest_route=%2Fwp%2Fv2%2Fyst_prominent_words&post=55"}],"curies":[{"name":"wp","href":"https:\/\/api.w.org\/{rel}","templated":true}]}}