{"id":73,"date":"2016-06-14T06:15:58","date_gmt":"2016-06-14T06:15:58","guid":{"rendered":"http:\/\/sw-themes.com\/porto_dummy\/?page_id=73"},"modified":"2024-01-12T15:21:21","modified_gmt":"2024-01-12T14:21:21","slug":"kontaktujte-nas","status":"publish","type":"page","link":"https:\/\/eshop-rommuz.cz\/?page_id=73","title":{"rendered":"Kontakt"},"content":{"rendered":"<section class=\"wpb-content-wrapper\"><p>[vc_row wrap_container=&#8220;yes&#8220; el_class=&#8220;m-b-xl&#8220;][vc_column width=&#8220;1\/2&#8243;]\n<div class=\"wpcf7 no-js\" id=\"wpcf7-f5999-o1\" lang=\"cs-CZ\" dir=\"ltr\" data-wpcf7-id=\"5999\">\n<div class=\"screen-reader-response\"><p role=\"status\" aria-live=\"polite\" aria-atomic=\"true\"><\/p> <ul><\/ul><\/div>\n<form action=\"\/index.php?rest_route=%2Fwp%2Fv2%2Fpages%2F73#wpcf7-f5999-o1\" method=\"post\" class=\"wpcf7-form init\" aria-label=\"Kontaktn\u00ed formul\u00e1\u0159\" novalidate=\"novalidate\" data-status=\"init\">\n<fieldset class=\"hidden-fields-container\"><input type=\"hidden\" name=\"_wpcf7\" value=\"5999\" \/><input type=\"hidden\" name=\"_wpcf7_version\" value=\"6.1.4\" \/><input type=\"hidden\" name=\"_wpcf7_locale\" value=\"cs_CZ\" \/><input type=\"hidden\" name=\"_wpcf7_unit_tag\" value=\"wpcf7-f5999-o1\" \/><input type=\"hidden\" name=\"_wpcf7_container_post\" value=\"0\" \/><input type=\"hidden\" name=\"_wpcf7_posted_data_hash\" value=\"\" \/>\n<\/fieldset>\n<p><label> Jm\u00e9no a p\u0159\u00edjmen\u00ed<br \/>\n<span class=\"wpcf7-form-control-wrap\" data-name=\"your-name\"><input size=\"40\" maxlength=\"400\" class=\"wpcf7-form-control wpcf7-text wpcf7-validates-as-required\" autocomplete=\"name\" aria-required=\"true\" aria-invalid=\"false\" value=\"\" type=\"text\" name=\"your-name\" \/><\/span> <\/label>\n<\/p>\n<p><label> V\u00e1\u0161 email<br \/>\n<span class=\"wpcf7-form-control-wrap\" data-name=\"your-email\"><input size=\"40\" maxlength=\"400\" class=\"wpcf7-form-control wpcf7-email wpcf7-validates-as-required wpcf7-text wpcf7-validates-as-email\" autocomplete=\"email\" aria-required=\"true\" aria-invalid=\"false\" value=\"\" type=\"email\" name=\"your-email\" \/><\/span> <\/label>\n<\/p>\n<p><label> P\u0159edm\u011bt emailu<br \/>\n<span class=\"wpcf7-form-control-wrap\" data-name=\"your-subject\"><input size=\"40\" maxlength=\"400\" class=\"wpcf7-form-control wpcf7-text wpcf7-validates-as-required\" aria-required=\"true\" aria-invalid=\"false\" value=\"\" type=\"text\" name=\"your-subject\" \/><\/span> <\/label>\n<\/p>\n<p><label> Va\u0161e zpr\u00e1va<br \/>\n<span class=\"wpcf7-form-control-wrap\" data-name=\"your-message\"><textarea cols=\"40\" rows=\"10\" maxlength=\"2000\" class=\"wpcf7-form-control wpcf7-textarea\" aria-invalid=\"false\" name=\"your-message\"><\/textarea><\/span> <\/label>\n<\/p>\n<p><span class=\"wpcf7-form-control-wrap\" data-name=\"acceptance-679\"><span class=\"wpcf7-form-control wpcf7-acceptance optional\"><span class=\"wpcf7-list-item\"><input type=\"checkbox\" name=\"acceptance-679\" value=\"1\" aria-invalid=\"false\" \/><\/span><\/span><\/span> Souhlas\u00edm se <a href=\"https:\/\/eshop-rommuz.cz\/zasady-ochrany-osobnich-udaju\/\"><u>zpracov\u00e1n\u00edm osobn\u00edch \u00fadaj\u016f<\/u><\/a>\n<\/p>\n<p><input class=\"wpcf7-form-control wpcf7-submit has-spinner\" type=\"submit\" value=\"Odeslat\" \/>\n<\/p><div class=\"wpcf7-response-output\" aria-hidden=\"true\"><\/div>\n<\/form>\n<\/div>\n[\/vc_column][vc_column width=&#8220;1\/2&#8243;][vc_separator color=&#8220;white&#8220;][vc_custom_heading text=&#8220;MUZEUM ROMSK\u00c9 <strong>KULTURY<\/strong>&#8220; font_container=&#8220;tag:h4|text_align:left&#8220; use_theme_fonts=&#8220;yes&#8220; skin=&#8220;quaternary&#8220; show_border=&#8220;yes&#8220; border_skin=&#8220;secondary&#8220; el_class=&#8220;m-t&#8220;][vc_custom_heading text=&#8220;st\u00e1tn\u00ed p\u0159\u00edsp\u011bvkov\u00e1 organizace&#8220; font_container=&#8220;tag:h6|text_align:left&#8220; use_theme_fonts=&#8220;yes&#8220; skin=&#8220;quaternary&#8220; el_class=&#8220;m-t&#8220;][vc_column_text]Organizace je z\u0159\u00edzena Ministerstvem kultury \u010cR, je opr\u00e1vn\u011bna nakl\u00e1dat s\u00a0majetkem st\u00e1tu, dle \u010d. 219\/2000 Sb., a d\u00e1le Z\u0159izovac\u00ed listiny \u010dj. 18295\/2004, ve\u00a0zn\u011bn\u00ed\u00a0Rozhodnut\u00ed ministryn\u011b kultury \u010d. 45\/2012, z 20. 12. 2012.[\/vc_column_text][vc_separator color=&#8220;custom&#8220; gradient=&#8220;yes&#8220;][vc_custom_heading text=&#8220;<strong>Adresa<\/strong>&#8220; font_container=&#8220;tag:h4|text_align:left&#8220; use_theme_fonts=&#8220;yes&#8220; text_transform=&#8220;text-uppercase&#8220; skin=&#8220;quaternary&#8220; show_border=&#8220;yes&#8220;]<div class=\"porto-sicon-box  wpb_custom_991192e517ba80822b25b68bbbc51b14 style_1 default-icon\"><div class=\"porto-sicon-default\"><div class=\"porto-just-icon-wrapper porto-icon circle\" style=\"color:#ffffff;background:#d51820;font-size:14px;\"><i class=\"fas fa-map-marker-alt\"><\/i><\/div><\/div><div class=\"porto-sicon-header\"><h3 class=\"porto-sicon-title\" style=\"font-size:14px;color:#777777;\"><strong>Adresa :<\/strong> Bratislavsk\u00e1 67, 602 00, Brno<\/h3><\/div> <!-- header --><\/div><!-- porto-sicon-box --><div class=\"porto-sicon-box  wpb_custom_991192e517ba80822b25b68bbbc51b14 style_1 default-icon\"><div class=\"porto-sicon-default\"><div class=\"porto-just-icon-wrapper porto-icon circle\" style=\"color:#ffffff;background:#d51820;font-size:14px;\"><i class=\"fas fa-phone\"><\/i><\/div><\/div><div class=\"porto-sicon-header\"><h3 class=\"porto-sicon-title\" style=\"font-size:14px;color:#777777;\"><strong>Telefon :<\/strong> (+420) 775 407 065<\/h3><\/div> <!-- header --><\/div><!-- porto-sicon-box --><div class=\"porto-sicon-box  wpb_custom_991192e517ba80822b25b68bbbc51b14 style_1 default-icon\"><div class=\"porto-sicon-default\"><div class=\"porto-just-icon-wrapper porto-icon circle\" style=\"color:#ffffff;background:#d51820;font-size:14px;\"><i class=\"far fa-envelope\"><\/i><\/div><\/div><div class=\"porto-sicon-header\"><h3 class=\"porto-sicon-title\" style=\"font-size:14px;color:#777777;\"><strong>Email:<\/strong> eshop@rommuz.cz<\/h3><\/div> <!-- header --><\/div><!-- porto-sicon-box -->[vc_separator color=&#8220;custom&#8220; gradient=&#8220;yes&#8220;][\/vc_column][\/vc_row][vc_row][vc_column][\/vc_column][\/vc_row]<\/p>\n<\/section>","protected":false},"excerpt":{"rendered":"<p>[vc_row wrap_container=&#8220;yes&#8220; el_class=&#8220;m-b-xl&#8220;][vc_column width=&#8220;1\/2&#8243;][\/vc_column][vc_column width=&#8220;1\/2&#8243;][vc_separator color=&#8220;white&#8220;][vc_custom_heading text=&#8220;MUZEUM ROMSK\u00c9 KULTURY&#8220; font_container=&#8220;tag:h4|text_align:left&#8220; use_theme_fonts=&#8220;yes&#8220; skin=&#8220;quaternary&#8220; show_border=&#8220;yes&#8220; border_skin=&#8220;secondary&#8220; el_class=&#8220;m-t&#8220;][vc_custom_heading text=&#8220;st\u00e1tn\u00ed p\u0159\u00edsp\u011bvkov\u00e1 organizace&#8220; font_container=&#8220;tag:h6|text_align:left&#8220; use_theme_fonts=&#8220;yes&#8220; skin=&#8220;quaternary&#8220; el_class=&#8220;m-t&#8220;][vc_column_text]Organizace je z\u0159\u00edzena Ministerstvem kultury \u010cR, je opr\u00e1vn\u011bna nakl\u00e1dat s\u00a0majetkem st\u00e1tu, dle \u010d. 219\/2000 Sb., a d\u00e1le Z\u0159izovac\u00ed listiny \u010dj. 18295\/2004, ve\u00a0zn\u011bn\u00ed\u00a0Rozhodnut\u00ed ministryn\u011b kultury \u010d. 45\/2012, z 20. 12. 2012.[\/vc_column_text][vc_separator color=&#8220;custom&#8220; gradient=&#8220;yes&#8220;][vc_custom_heading text=&#8220;Adresa&#8220; font_container=&#8220;tag:h4|text_align:left&#8220; [&hellip;]<\/p>\n","protected":false},"author":1,"featured_media":0,"parent":0,"menu_order":0,"comment_status":"closed","ping_status":"closed","template":"","meta":{"footnotes":""},"yst_prominent_words":[],"class_list":["post-73","page","type-page","status-publish","hentry"],"_links":{"self":[{"href":"https:\/\/eshop-rommuz.cz\/index.php?rest_route=\/wp\/v2\/pages\/73","targetHints":{"allow":["GET"]}}],"collection":[{"href":"https:\/\/eshop-rommuz.cz\/index.php?rest_route=\/wp\/v2\/pages"}],"about":[{"href":"https:\/\/eshop-rommuz.cz\/index.php?rest_route=\/wp\/v2\/types\/page"}],"author":[{"embeddable":true,"href":"https:\/\/eshop-rommuz.cz\/index.php?rest_route=\/wp\/v2\/users\/1"}],"replies":[{"embeddable":true,"href":"https:\/\/eshop-rommuz.cz\/index.php?rest_route=%2Fwp%2Fv2%2Fcomments&post=73"}],"version-history":[{"count":28,"href":"https:\/\/eshop-rommuz.cz\/index.php?rest_route=\/wp\/v2\/pages\/73\/revisions"}],"predecessor-version":[{"id":6131,"href":"https:\/\/eshop-rommuz.cz\/index.php?rest_route=\/wp\/v2\/pages\/73\/revisions\/6131"}],"wp:attachment":[{"href":"https:\/\/eshop-rommuz.cz\/index.php?rest_route=%2Fwp%2Fv2%2Fmedia&parent=73"}],"wp:term":[{"taxonomy":"yst_prominent_words","embeddable":true,"href":"https:\/\/eshop-rommuz.cz\/index.php?rest_route=%2Fwp%2Fv2%2Fyst_prominent_words&post=73"}],"curies":[{"name":"wp","href":"https:\/\/api.w.org\/{rel}","templated":true}]}}