{"id":2668,"date":"2019-07-01T09:47:12","date_gmt":"2019-07-01T07:47:12","guid":{"rendered":"https:\/\/eshop-rommuz.cz\/?post_type=product&#038;p=2668"},"modified":"2026-02-06T15:56:37","modified_gmt":"2026-02-06T14:56:37","slug":"darkova-sada-propisek","status":"publish","type":"product","link":"https:\/\/eshop-rommuz.cz\/?product=darkova-sada-propisek","title":{"rendered":"D\u00e1rkov\u00e1 sada propisek"},"content":{"rendered":"<p>Sada dvou luxusn\u00edch propisek s logem Muzea romsk\u00e9 kultury v d\u00e1rkov\u00e9m balen\u00ed.<\/p>\n","protected":false},"excerpt":{"rendered":"<p>Sada dvou luxusn\u00edch propisek s logem Muzea romsk\u00e9 kultury v d\u00e1rkov\u00e9m balen\u00ed.<\/p>\n","protected":false},"featured_media":2779,"template":"","meta":[],"product_brand":[],"product_cat":[113],"product_tag":[],"yst_prominent_words":[],"class_list":{"0":"post-2668","1":"product","2":"type-product","3":"status-publish","4":"has-post-thumbnail","6":"product_cat-darkove-predmety","8":"first","9":"outofstock","10":"sale","11":"featured","12":"shipping-taxable","13":"purchasable","14":"product-type-simple"},"_links":{"self":[{"href":"https:\/\/eshop-rommuz.cz\/index.php?rest_route=\/wp\/v2\/product\/2668","targetHints":{"allow":["GET"]}}],"collection":[{"href":"https:\/\/eshop-rommuz.cz\/index.php?rest_route=\/wp\/v2\/product"}],"about":[{"href":"https:\/\/eshop-rommuz.cz\/index.php?rest_route=\/wp\/v2\/types\/product"}],"wp:featuredmedia":[{"embeddable":true,"href":"https:\/\/eshop-rommuz.cz\/index.php?rest_route=\/wp\/v2\/media\/2779"}],"wp:attachment":[{"href":"https:\/\/eshop-rommuz.cz\/index.php?rest_route=%2Fwp%2Fv2%2Fmedia&parent=2668"}],"wp:term":[{"taxonomy":"product_brand","embeddable":true,"href":"https:\/\/eshop-rommuz.cz\/index.php?rest_route=%2Fwp%2Fv2%2Fproduct_brand&post=2668"},{"taxonomy":"product_cat","embeddable":true,"href":"https:\/\/eshop-rommuz.cz\/index.php?rest_route=%2Fwp%2Fv2%2Fproduct_cat&post=2668"},{"taxonomy":"product_tag","embeddable":true,"href":"https:\/\/eshop-rommuz.cz\/index.php?rest_route=%2Fwp%2Fv2%2Fproduct_tag&post=2668"},{"taxonomy":"yst_prominent_words","embeddable":true,"href":"https:\/\/eshop-rommuz.cz\/index.php?rest_route=%2Fwp%2Fv2%2Fyst_prominent_words&post=2668"}],"curies":[{"name":"wp","href":"https:\/\/api.w.org\/{rel}","templated":true}]}}